{"id":4253,"date":"2022-11-30T00:23:28","date_gmt":"2022-11-30T00:23:28","guid":{"rendered":"https:\/\/lencerialibrasoria.es\/?post_type=product&#038;p=4253"},"modified":"2022-12-13T14:46:31","modified_gmt":"2022-12-13T14:46:31","slug":"camison-manga-larga-selmark","status":"publish","type":"product","link":"https:\/\/lencerialibrasoria.es\/producto\/camison-manga-larga-selmark\/","title":{"rendered":"Camison Manga Larga Selmark"},"content":{"rendered":"<p>Camis\u00f3n de manga larga. Su delicado estampado de lunares lo convierte en una prenda<br \/>\nc\u00f3moda, elegante y juvenil.<\/p>\n<p>Composici\u00f3n 52% poli\u00e9ster 48% Algod\u00f3n<\/p>\n","protected":false},"excerpt":{"rendered":"<p>Camis\u00f3n de manga larga. Su delicado estampado de lunares lo convierte en una prenda c\u00f3moda, elegante y juvenil. Composici\u00f3n 52%&#8230;<\/p>\n","protected":false},"featured_media":4254,"template":"","meta":{"om_disable_all_campaigns":false,"_monsterinsights_skip_tracking":false,"_monsterinsights_sitenote_active":false,"_monsterinsights_sitenote_note":"","_monsterinsights_sitenote_category":0},"product_brand":[],"product_cat":[152,72],"product_tag":[],"class_list":{"0":"post-4253","1":"product","2":"type-product","3":"status-publish","4":"has-post-thumbnail","6":"product_cat-camison-2","7":"product_cat-mujer","9":"first","10":"instock","11":"shipping-taxable","12":"purchasable","13":"product-type-variable"},"aioseo_notices":[],"_links":{"self":[{"href":"https:\/\/lencerialibrasoria.es\/wp-json\/wp\/v2\/product\/4253","targetHints":{"allow":["GET"]}}],"collection":[{"href":"https:\/\/lencerialibrasoria.es\/wp-json\/wp\/v2\/product"}],"about":[{"href":"https:\/\/lencerialibrasoria.es\/wp-json\/wp\/v2\/types\/product"}],"wp:featuredmedia":[{"embeddable":true,"href":"https:\/\/lencerialibrasoria.es\/wp-json\/wp\/v2\/media\/4254"}],"wp:attachment":[{"href":"https:\/\/lencerialibrasoria.es\/wp-json\/wp\/v2\/media?parent=4253"}],"wp:term":[{"taxonomy":"product_brand","embeddable":true,"href":"https:\/\/lencerialibrasoria.es\/wp-json\/wp\/v2\/product_brand?post=4253"},{"taxonomy":"product_cat","embeddable":true,"href":"https:\/\/lencerialibrasoria.es\/wp-json\/wp\/v2\/product_cat?post=4253"},{"taxonomy":"product_tag","embeddable":true,"href":"https:\/\/lencerialibrasoria.es\/wp-json\/wp\/v2\/product_tag?post=4253"}],"curies":[{"name":"wp","href":"https:\/\/api.w.org\/{rel}","templated":true}]}}