{"id":4265,"date":"2022-11-30T00:36:37","date_gmt":"2022-11-30T00:36:37","guid":{"rendered":"https:\/\/lencerialibrasoria.es\/?post_type=product&#038;p=4265"},"modified":"2022-12-13T14:26:52","modified_gmt":"2022-12-13T14:26:52","slug":"pijama-felpa","status":"publish","type":"product","link":"https:\/\/lencerialibrasoria.es\/producto\/pijama-felpa\/","title":{"rendered":"Pijama Felpa"},"content":{"rendered":"<p>Pijama de tejido afelpado, dos piezas con pantal\u00f3n largo y camiseta de manga larga. De<br \/>\ncorte cl\u00e1sico, dise\u00f1o sencillo y m\u00e1ximo confort.<\/p>\n<p>COMPOSICI\u00d3N 100% POLLI\u00c9STER<\/p>\n","protected":false},"excerpt":{"rendered":"<p>Pijama de tejido afelpado, dos piezas con pantal\u00f3n largo y camiseta de manga larga. De corte cl\u00e1sico, dise\u00f1o sencillo y&#8230;<\/p>\n","protected":false},"featured_media":4266,"template":"","meta":{"om_disable_all_campaigns":false,"_monsterinsights_skip_tracking":false,"_monsterinsights_sitenote_active":false,"_monsterinsights_sitenote_note":"","_monsterinsights_sitenote_category":0},"product_brand":[],"product_cat":[72,73],"product_tag":[],"class_list":{"0":"post-4265","1":"product","2":"type-product","3":"status-publish","4":"has-post-thumbnail","6":"product_cat-mujer","7":"product_cat-pijamas-mujer","9":"first","10":"instock","11":"shipping-taxable","12":"purchasable","13":"product-type-variable"},"aioseo_notices":[],"_links":{"self":[{"href":"https:\/\/lencerialibrasoria.es\/wp-json\/wp\/v2\/product\/4265","targetHints":{"allow":["GET"]}}],"collection":[{"href":"https:\/\/lencerialibrasoria.es\/wp-json\/wp\/v2\/product"}],"about":[{"href":"https:\/\/lencerialibrasoria.es\/wp-json\/wp\/v2\/types\/product"}],"wp:featuredmedia":[{"embeddable":true,"href":"https:\/\/lencerialibrasoria.es\/wp-json\/wp\/v2\/media\/4266"}],"wp:attachment":[{"href":"https:\/\/lencerialibrasoria.es\/wp-json\/wp\/v2\/media?parent=4265"}],"wp:term":[{"taxonomy":"product_brand","embeddable":true,"href":"https:\/\/lencerialibrasoria.es\/wp-json\/wp\/v2\/product_brand?post=4265"},{"taxonomy":"product_cat","embeddable":true,"href":"https:\/\/lencerialibrasoria.es\/wp-json\/wp\/v2\/product_cat?post=4265"},{"taxonomy":"product_tag","embeddable":true,"href":"https:\/\/lencerialibrasoria.es\/wp-json\/wp\/v2\/product_tag?post=4265"}],"curies":[{"name":"wp","href":"https:\/\/api.w.org\/{rel}","templated":true}]}}