{"id":4892,"date":"2022-12-07T15:26:05","date_gmt":"2022-12-07T15:26:05","guid":{"rendered":"https:\/\/lencerialibrasoria.es\/?post_type=product&#038;p=4892"},"modified":"2022-12-07T15:26:15","modified_gmt":"2022-12-07T15:26:15","slug":"pijama-corto-floral","status":"publish","type":"product","link":"https:\/\/lencerialibrasoria.es\/producto\/pijama-corto-floral\/","title":{"rendered":"PIJAMA CORTO FLORAL"},"content":{"rendered":"","protected":false},"excerpt":{"rendered":"<p>&#8211; Pijama dos piezas tejido extra\u00eddo de eucalipto, camiseta de manga corta con detalle sat\u00edn, pantal\u00f3n corto con estampado floral y bolsillos.<\/p>\n<div class=\"description\">Composici\u00f3n: 67% Lyocell + 33% Algod\u00f3n.<\/div>\n<p>&nbsp;<\/p>\n","protected":false},"featured_media":4668,"template":"","meta":{"om_disable_all_campaigns":false,"_monsterinsights_skip_tracking":false,"_monsterinsights_sitenote_active":false,"_monsterinsights_sitenote_note":"","_monsterinsights_sitenote_category":0},"product_brand":[],"product_cat":[73],"product_tag":[],"class_list":{"0":"post-4892","1":"product","2":"type-product","3":"status-publish","4":"has-post-thumbnail","6":"product_cat-pijamas-mujer","8":"first","9":"instock","10":"shipping-taxable","11":"purchasable","12":"product-type-variable"},"aioseo_notices":[],"_links":{"self":[{"href":"https:\/\/lencerialibrasoria.es\/wp-json\/wp\/v2\/product\/4892","targetHints":{"allow":["GET"]}}],"collection":[{"href":"https:\/\/lencerialibrasoria.es\/wp-json\/wp\/v2\/product"}],"about":[{"href":"https:\/\/lencerialibrasoria.es\/wp-json\/wp\/v2\/types\/product"}],"wp:featuredmedia":[{"embeddable":true,"href":"https:\/\/lencerialibrasoria.es\/wp-json\/wp\/v2\/media\/4668"}],"wp:attachment":[{"href":"https:\/\/lencerialibrasoria.es\/wp-json\/wp\/v2\/media?parent=4892"}],"wp:term":[{"taxonomy":"product_brand","embeddable":true,"href":"https:\/\/lencerialibrasoria.es\/wp-json\/wp\/v2\/product_brand?post=4892"},{"taxonomy":"product_cat","embeddable":true,"href":"https:\/\/lencerialibrasoria.es\/wp-json\/wp\/v2\/product_cat?post=4892"},{"taxonomy":"product_tag","embeddable":true,"href":"https:\/\/lencerialibrasoria.es\/wp-json\/wp\/v2\/product_tag?post=4892"}],"curies":[{"name":"wp","href":"https:\/\/api.w.org\/{rel}","templated":true}]}}